{"id":14,"date":"2017-02-27T15:22:37","date_gmt":"2017-02-27T14:22:37","guid":{"rendered":"https:\/\/lavoixestlibre.be\/test\/?page_id=14"},"modified":"2017-03-27T13:50:06","modified_gmt":"2017-03-27T11:50:06","slug":"formations","status":"publish","type":"page","link":"https:\/\/lavoixestlibre.be\/index.php\/formations\/","title":{"rendered":"Formations"},"content":{"rendered":"<p>&nbsp;<\/p>\n<div id=\"attachment_93\" style=\"width: 310px\" class=\"wp-caption alignright\"><img loading=\"lazy\" decoding=\"async\" aria-describedby=\"caption-attachment-93\" class=\"wp-image-93 size-medium\" src=\"https:\/\/lavoixestlibre.be\/wp-content\/uploads\/2017\/02\/pagodes-300x200.jpg\" alt=\"\" width=\"300\" height=\"200\" \/><p id=\"caption-attachment-93\" class=\"wp-caption-text\">Projet Etoiles et voix ReMuA 2008<\/p><\/div>\n<p>Les formations sont programm\u00e9es \u00e0 la demande, en concertation avec les\u00a0organisateurs. Je suis intervenue notamment pour l&rsquo;IHMN, A coeur Joie, le Conservatoire de musique de Li\u00e8ge, l&rsquo;Atelier po\u00e9tique de Wallonie, ReMuA, &#8230;<\/p>\n<h3>Exploration de la voix<\/h3>\n<p>Cet atelier tr\u00e8s pratique propose une exploration de la voix,\u00a0\u00e0 la fois mode d\u2019expression de soi et outil de communication.<\/p>\n<p>Comprendre et sentir comment nous la mettons en \u0153uvre dans\u00a0toute son \u00e9tendue, apprendre \u00e0 en \u00e9couter les subtilit\u00e9s,\u00a0l\u2019inviter \u00e0 r\u00e9-habiter tout le corps, chercher \u00e0 la moduler,\u00a0l\u2019enrichir de nouvelles sonorit\u00e9s, sont les axes du travail,pratiqu\u00e9 individuellement et en groupe.<\/p>\n<h3>La voix : comment \u00e7a marche ?<\/h3>\n<p>Une formation en trois parties pour d\u00e9couvrir les structures anatomiques de la voix et comprendre comment s\u2019op\u00e8re le geste vocal\u00a0: La respiration \/ Le larynx \/ Les r\u00e9sonateurs.<\/p>\n<p>L\u2019objectif : enrichir ses pratiques corporelles et vocales.<\/p>\n<p>A l\u2019attention particuli\u00e8re de ceux et celles dont la voix est l\u2019outil de travail. Il est possible de participer \u00e0 chaque module s\u00e9par\u00e9ment.<br \/>\nLa m\u00e9thode alterne descriptions th\u00e9oriques, documents multim\u00e9dia et exercices pratiques de prise de conscience corporelle des notions d\u00e9crites.<\/p>\n<p>&nbsp;<\/p>\n<p>&nbsp;<\/p>\n","protected":false},"excerpt":{"rendered":"<p>&nbsp; Les formations sont programm\u00e9es \u00e0 la demande, en concertation avec les\u00a0organisateurs. Je suis intervenue notamment pour l&rsquo;IHMN, A coeur Joie, le Conservatoire de musique de Li\u00e8ge, l&rsquo;Atelier po\u00e9tique de [&hellip;]<\/p>\n","protected":false},"author":1,"featured_media":0,"parent":0,"menu_order":5,"comment_status":"closed","ping_status":"closed","template":"","meta":{"footnotes":""},"class_list":["post-14","page","type-page","status-publish","hentry"],"_links":{"self":[{"href":"https:\/\/lavoixestlibre.be\/index.php\/wp-json\/wp\/v2\/pages\/14","targetHints":{"allow":["GET"]}}],"collection":[{"href":"https:\/\/lavoixestlibre.be\/index.php\/wp-json\/wp\/v2\/pages"}],"about":[{"href":"https:\/\/lavoixestlibre.be\/index.php\/wp-json\/wp\/v2\/types\/page"}],"author":[{"embeddable":true,"href":"https:\/\/lavoixestlibre.be\/index.php\/wp-json\/wp\/v2\/users\/1"}],"replies":[{"embeddable":true,"href":"https:\/\/lavoixestlibre.be\/index.php\/wp-json\/wp\/v2\/comments?post=14"}],"version-history":[{"count":7,"href":"https:\/\/lavoixestlibre.be\/index.php\/wp-json\/wp\/v2\/pages\/14\/revisions"}],"predecessor-version":[{"id":281,"href":"https:\/\/lavoixestlibre.be\/index.php\/wp-json\/wp\/v2\/pages\/14\/revisions\/281"}],"wp:attachment":[{"href":"https:\/\/lavoixestlibre.be\/index.php\/wp-json\/wp\/v2\/media?parent=14"}],"curies":[{"name":"wp","href":"https:\/\/api.w.org\/{rel}","templated":true}]}}