{"id":213,"date":"2017-03-21T19:18:56","date_gmt":"2017-03-21T18:18:56","guid":{"rendered":"https:\/\/lavoixestlibre.be\/test\/?page_id=213"},"modified":"2026-02-09T15:12:17","modified_gmt":"2026-02-09T14:12:17","slug":"cours-individuels","status":"publish","type":"page","link":"https:\/\/lavoixestlibre.be\/index.php\/cours-individuels\/","title":{"rendered":"Cours individuels"},"content":{"rendered":"<h3>\u00c0 la rencontre de sa voix<\/h3>\n<p>Chemin de d\u00e9veloppement personnel,<br \/>\ns\u00e9ances individuelles d\u2019une heure sur rendez-vous,<br \/>\nselon un rythme \u00e0 convenir,<\/p>\n<h3>Cours de chant<\/h3>\n<p>Retrouver le plaisir de chanter une chanson ou un air d\u2019op\u00e9ra.<br \/>\nR\u00e9guli\u00e8rement, des s\u00e9ances mensuelles sont propos\u00e9es avec un pianiste accompagnateur.<\/p>\n","protected":false},"excerpt":{"rendered":"<p>\u00c0 la rencontre de sa voix Chemin de d\u00e9veloppement personnel, s\u00e9ances individuelles d\u2019une heure sur rendez-vous, selon un rythme \u00e0 convenir, Cours de chant Retrouver le plaisir de chanter une [&hellip;]<\/p>\n","protected":false},"author":1,"featured_media":0,"parent":0,"menu_order":5,"comment_status":"closed","ping_status":"closed","template":"","meta":{"footnotes":""},"class_list":["post-213","page","type-page","status-publish","hentry"],"_links":{"self":[{"href":"https:\/\/lavoixestlibre.be\/index.php\/wp-json\/wp\/v2\/pages\/213","targetHints":{"allow":["GET"]}}],"collection":[{"href":"https:\/\/lavoixestlibre.be\/index.php\/wp-json\/wp\/v2\/pages"}],"about":[{"href":"https:\/\/lavoixestlibre.be\/index.php\/wp-json\/wp\/v2\/types\/page"}],"author":[{"embeddable":true,"href":"https:\/\/lavoixestlibre.be\/index.php\/wp-json\/wp\/v2\/users\/1"}],"replies":[{"embeddable":true,"href":"https:\/\/lavoixestlibre.be\/index.php\/wp-json\/wp\/v2\/comments?post=213"}],"version-history":[{"count":8,"href":"https:\/\/lavoixestlibre.be\/index.php\/wp-json\/wp\/v2\/pages\/213\/revisions"}],"predecessor-version":[{"id":622,"href":"https:\/\/lavoixestlibre.be\/index.php\/wp-json\/wp\/v2\/pages\/213\/revisions\/622"}],"wp:attachment":[{"href":"https:\/\/lavoixestlibre.be\/index.php\/wp-json\/wp\/v2\/media?parent=213"}],"curies":[{"name":"wp","href":"https:\/\/api.w.org\/{rel}","templated":true}]}}