{"id":218,"date":"2017-03-21T19:29:18","date_gmt":"2017-03-21T18:29:18","guid":{"rendered":"https:\/\/lavoixestlibre.be\/test\/?page_id=218"},"modified":"2025-02-26T15:44:04","modified_gmt":"2025-02-26T14:44:04","slug":"chant-prenatal","status":"publish","type":"page","link":"https:\/\/lavoixestlibre.be\/index.php\/chant-prenatal\/","title":{"rendered":"Chant pr\u00e9natal"},"content":{"rendered":"<h3><\/h3>\n<h3><img loading=\"lazy\" decoding=\"async\" class=\"wp-image-89 alignright\" src=\"https:\/\/lavoixestlibre.be\/test\/wp-content\/uploads\/2017\/02\/lune2-300x213.jpeg\" alt=\"\" width=\"380\" height=\"269\" srcset=\"https:\/\/lavoixestlibre.be\/wp-content\/uploads\/2017\/02\/lune2-300x213.jpeg 300w, https:\/\/lavoixestlibre.be\/wp-content\/uploads\/2017\/02\/lune2.jpeg 320w\" sizes=\"auto, (max-width: 380px) 100vw, 380px\" \/><\/h3>\n<h3>Pr\u00e9paration \u00e0 la naissance avec la voix<\/h3>\n<p>Respirer, vibrer, na\u00eetre<\/p>\n<p>En vivant la naissance avec le soutien de la voix et la ma\u00eetrise du souffle, la femme devient actrice de son accouchement. Le son met la respiration en place et ouvre les portes du bassin. Sa vibration d\u00e9tend et redonne de l\u2019\u00e9nergie. Le p\u00e8re peut prendre sa place avec la pr\u00e9sence soutenante de sa voix, appelant son enfant \u00e0 venir au monde.<\/p>\n<p>En s\u00e9ance particuli\u00e8re, en couple\u00a0: entre 3 et 6 s\u00e9ances tout au long de la grossesse.<br \/>\nS\u00e9ances d\u2019une heure, sur rendez-vous<br \/>\nPrix: 60 \u20ac non rembours\u00e9.<\/p>\n","protected":false},"excerpt":{"rendered":"<p>Pr\u00e9paration \u00e0 la naissance avec la voix Respirer, vibrer, na\u00eetre En vivant la naissance avec le soutien de la voix et la ma\u00eetrise du souffle, la femme devient actrice de [&hellip;]<\/p>\n","protected":false},"author":1,"featured_media":0,"parent":0,"menu_order":4,"comment_status":"closed","ping_status":"closed","template":"","meta":{"footnotes":""},"class_list":["post-218","page","type-page","status-publish","hentry"],"_links":{"self":[{"href":"https:\/\/lavoixestlibre.be\/index.php\/wp-json\/wp\/v2\/pages\/218","targetHints":{"allow":["GET"]}}],"collection":[{"href":"https:\/\/lavoixestlibre.be\/index.php\/wp-json\/wp\/v2\/pages"}],"about":[{"href":"https:\/\/lavoixestlibre.be\/index.php\/wp-json\/wp\/v2\/types\/page"}],"author":[{"embeddable":true,"href":"https:\/\/lavoixestlibre.be\/index.php\/wp-json\/wp\/v2\/users\/1"}],"replies":[{"embeddable":true,"href":"https:\/\/lavoixestlibre.be\/index.php\/wp-json\/wp\/v2\/comments?post=218"}],"version-history":[{"count":10,"href":"https:\/\/lavoixestlibre.be\/index.php\/wp-json\/wp\/v2\/pages\/218\/revisions"}],"predecessor-version":[{"id":612,"href":"https:\/\/lavoixestlibre.be\/index.php\/wp-json\/wp\/v2\/pages\/218\/revisions\/612"}],"wp:attachment":[{"href":"https:\/\/lavoixestlibre.be\/index.php\/wp-json\/wp\/v2\/media?parent=218"}],"curies":[{"name":"wp","href":"https:\/\/api.w.org\/{rel}","templated":true}]}}