{"id":234,"date":"2017-03-21T19:55:20","date_gmt":"2017-03-21T18:55:20","guid":{"rendered":"https:\/\/lavoixestlibre.be\/test\/?page_id=234"},"modified":"2024-02-20T20:01:07","modified_gmt":"2024-02-20T19:01:07","slug":"stages","status":"publish","type":"page","link":"https:\/\/lavoixestlibre.be\/index.php\/stages\/","title":{"rendered":"Stages"},"content":{"rendered":"<h1><\/h1>\n<h1>Les chants d\u2019Hildegard von Bingen(XII\u00e8 s)<\/h1>\n<h2><\/h2>\n<h4><img loading=\"lazy\" decoding=\"async\" class=\"wp-image-91 size-medium alignright\" src=\"https:\/\/lavoixestlibre.be\/wp-content\/uploads\/2017\/02\/manuscrit-dendermonde-300x219.jpg\" alt=\"\" width=\"300\" height=\"219\" \/><\/h4>\n<h1><img loading=\"lazy\" decoding=\"async\" class=\"alignnone size-medium wp-image-362\" src=\"https:\/\/lavoixestlibre.be\/wp-content\/uploads\/2017\/03\/image-hildegard-compose-247x300.jpg\" alt=\"\" width=\"247\" height=\"300\" srcset=\"https:\/\/lavoixestlibre.be\/wp-content\/uploads\/2017\/03\/image-hildegard-compose-247x300.jpg 247w, https:\/\/lavoixestlibre.be\/wp-content\/uploads\/2017\/03\/image-hildegard-compose.jpg 300w\" sizes=\"auto, (max-width: 247px) 100vw, 247px\" \/><\/h1>\n<p>Pour toutes questions et pour s\u2019inscrire\u00a0:<br \/>\n<a href=\"mailto:anne.quintin@lavoixestlibre.be\" target=\"_blank\" rel=\"noopener noreferrer\">anne.quintin@lavoixestlibre.be\u00a0<\/a>ou\u00a00496 18 64 68<br \/>\n<em> Un bulletin d\u2019inscription avec toutes les modalit\u00e9s vous sera envoy\u00e9.<\/em><\/p>\n<hr \/>\n<h1><\/h1>\n<h1><\/h1>\n<p><img loading=\"lazy\" decoding=\"async\" class=\"alignnone size-medium wp-image-285\" src=\"https:\/\/lavoixestlibre.be\/wp-content\/uploads\/2017\/04\/IMG_5916_2-225x300.jpg\" alt=\"\" width=\"225\" height=\"300\" srcset=\"https:\/\/lavoixestlibre.be\/wp-content\/uploads\/2017\/04\/IMG_5916_2-225x300.jpg 225w, https:\/\/lavoixestlibre.be\/wp-content\/uploads\/2017\/04\/IMG_5916_2.jpg 480w\" sizes=\"auto, (max-width: 225px) 100vw, 225px\" \/>\u00a0 \u00a0 \u00a0 \u00a0 \u00a0 \u00a0 \u00a0 \u00a0 \u00a0 \u00a0 \u00a0 \u00a0 \u00a0<img loading=\"lazy\" decoding=\"async\" class=\"size-medium wp-image-347\" src=\"https:\/\/lavoixestlibre.be\/wp-content\/uploads\/2017\/03\/SAM_1512-300x225.jpg\" alt=\"\" width=\"300\" height=\"225\" srcset=\"https:\/\/lavoixestlibre.be\/wp-content\/uploads\/2017\/03\/SAM_1512-300x225.jpg 300w, https:\/\/lavoixestlibre.be\/wp-content\/uploads\/2017\/03\/SAM_1512-768x576.jpg 768w, https:\/\/lavoixestlibre.be\/wp-content\/uploads\/2017\/03\/SAM_1512.jpg 1024w, https:\/\/lavoixestlibre.be\/wp-content\/uploads\/2017\/03\/SAM_1512-624x468.jpg 624w\" sizes=\"auto, (max-width: 300px) 100vw, 300px\" \/><\/p>\n<p><span style=\"color: #ffffff;\"><strong>Ad<\/strong><\/span><\/p>\n<p><span style=\"color: #ffffff;\"><strong>e<\/strong> <strong>s\u00e9jour\u00a0:<\/strong> 40 euros par jour en pension compl\u00e8te \u00e0 payer \u00e0<\/span><br \/>\n<span style=\"color: #ffffff;\"> l\u2019arriv\u00e9e. Logement en chambre individuelle.<\/span><\/p>\n<p>Pour toutes questions et pour s\u2019inscrire\u00a0:<br \/>\n<a href=\"mailto:anne.quintin@lavoixestlibre.be\" target=\"_blank\" rel=\"noopener noreferrer\">anne.quintin@lavoixestlibre.be\u00a0<\/a>ou\u00a00496 18 64 68<br \/>\n<em>Un bulletin d\u2019inscription avec toutes les modalit\u00e9s vous sera envoy\u00e9.<\/em><\/p>\n","protected":false},"excerpt":{"rendered":"<p>Les chants d\u2019Hildegard von Bingen(XII\u00e8 s) Pour toutes questions et pour s\u2019inscrire\u00a0: anne.quintin@lavoixestlibre.be\u00a0ou\u00a00496 18 64 68 Un bulletin d\u2019inscription avec toutes les modalit\u00e9s vous sera envoy\u00e9. \u00a0 \u00a0 \u00a0 \u00a0 [&hellip;]<\/p>\n","protected":false},"author":1,"featured_media":0,"parent":0,"menu_order":2,"comment_status":"closed","ping_status":"closed","template":"","meta":{"footnotes":""},"class_list":["post-234","page","type-page","status-publish","hentry"],"_links":{"self":[{"href":"https:\/\/lavoixestlibre.be\/index.php\/wp-json\/wp\/v2\/pages\/234","targetHints":{"allow":["GET"]}}],"collection":[{"href":"https:\/\/lavoixestlibre.be\/index.php\/wp-json\/wp\/v2\/pages"}],"about":[{"href":"https:\/\/lavoixestlibre.be\/index.php\/wp-json\/wp\/v2\/types\/page"}],"author":[{"embeddable":true,"href":"https:\/\/lavoixestlibre.be\/index.php\/wp-json\/wp\/v2\/users\/1"}],"replies":[{"embeddable":true,"href":"https:\/\/lavoixestlibre.be\/index.php\/wp-json\/wp\/v2\/comments?post=234"}],"version-history":[{"count":33,"href":"https:\/\/lavoixestlibre.be\/index.php\/wp-json\/wp\/v2\/pages\/234\/revisions"}],"predecessor-version":[{"id":561,"href":"https:\/\/lavoixestlibre.be\/index.php\/wp-json\/wp\/v2\/pages\/234\/revisions\/561"}],"wp:attachment":[{"href":"https:\/\/lavoixestlibre.be\/index.php\/wp-json\/wp\/v2\/media?parent=234"}],"curies":[{"name":"wp","href":"https:\/\/api.w.org\/{rel}","templated":true}]}}