{"id":284,"date":"2017-04-18T17:38:19","date_gmt":"2017-04-18T15:38:19","guid":{"rendered":"https:\/\/lavoixestlibre.be\/?page_id=284"},"modified":"2025-02-26T15:42:19","modified_gmt":"2025-02-26T14:42:19","slug":"stage-dete","status":"publish","type":"page","link":"https:\/\/lavoixestlibre.be\/index.php\/stage-dete\/","title":{"rendered":""},"content":{"rendered":"\n<p><\/p>\n\n\n<div class=\"\">\n<div class=\"\">\n<div class=\"\" dir=\"auto\">\n<div class=\"\" dir=\"auto\">\n<div class=\"\">\n<div class=\"\">\n<div class=\"\">\n<div class=\"\">\n<div class=\"\" dir=\"auto\">\n<div class=\"\" dir=\"auto\">\n<div class=\"\" dir=\"auto\">\n<div class=\"\">\n<div class=\"\">\n<div class=\"\">\n<div class=\"\" dir=\"auto\">\n<div class=\"\" dir=\"auto\">\n<div class=\"\">\n<div class=\"\">\n<div class=\"\">\n<div class=\"\">\n<div class=\"\">\n<div class=\"\">\n<div class=\"\">\n<div class=\"\">\n<h1 dir=\"auto\">Stages d&rsquo;\u00e9t\u00e9 en 2025<\/h1>\n<h2 dir=\"auto\"><strong>En Belgique<\/strong><\/h2>\n<h3><b class=\"\"><span style=\"font-family: Helvetica;\">du 14 en soir\u00e9e (accueil \u00e0 18h00) au19 ao\u00fbt 2025<br \/><\/span><\/b><b class=\"\"><span style=\"font-family: Helvetica;\">Avec Anne Quintin en collaboration avec Etienne Boonen au piano<\/span><\/b><\/h3>\n<p><img loading=\"lazy\" decoding=\"async\" class=\"alignnone size-medium wp-image-285 aligncenter\" src=\"https:\/\/lavoixestlibre.be\/wp-content\/uploads\/2017\/04\/IMG_5916_2-225x300.jpg\" alt=\"\" width=\"225\" height=\"300\" srcset=\"https:\/\/lavoixestlibre.be\/wp-content\/uploads\/2017\/04\/IMG_5916_2-225x300.jpg 225w, https:\/\/lavoixestlibre.be\/wp-content\/uploads\/2017\/04\/IMG_5916_2.jpg 480w\" sizes=\"auto, (max-width: 225px) 100vw, 225px\" \/><\/p>\n<div class=\"\" dir=\"auto\" style=\"text-align: center;\"><span style=\"color: #008080;\"><b class=\"\"><span class=\"\"><span class=\"\" style=\"font-family: Helvetica;\">CHANTER ENSEMBLE EN QU\u00caTE D\u2019HARMONIE, METAPHORE DE LA VIE<br \/><\/span><\/span><\/b><span class=\"\"><i class=\"\"><span class=\"\" style=\"font-family: Helvetica;\">Etre bien dans sa voix pour chanter en pr\u00e9sence \u00e0 soi et aux autres<\/span><\/i><\/span><\/span><\/div>\n<div class=\"\" dir=\"auto\">\n<div class=\"\">\u00a0<\/div>\n<div class=\"\">\n<blockquote>\n<div class=\"\" style=\"text-align: center;\"><span style=\"color: #008080;\"><i><span style=\"font-family: Helvetica;\"><span class=\"\">\u00ab<\/span>Le chant est de nature holistique,\u00a0<\/span><\/i><\/span><\/div>\n<div class=\"\" style=\"text-align: center;\"><span style=\"color: #008080;\"><i><span style=\"font-family: Helvetica;\">il nous convoque comme humain fait de corps, d\u2019\u00e2me et d\u2019esprit.\u00a0<\/span><\/i><\/span><\/div>\n<div class=\"\" style=\"text-align: center;\"><span style=\"color: #008080;\"><i><span style=\"font-family: Helvetica;\">Il accompagne tous les moments de la vie dans toutes les traditions.\u00a0<\/span><\/i><\/span><\/div>\n<div class=\"\" style=\"text-align: center;\"><span style=\"color: #008080;\"><i><span style=\"font-family: Helvetica;\">Le pratiquer c\u2019est faire un bout de chemin vers soi en relation aux autres,<\/span><\/i><\/span><\/div>\n<div class=\"\" style=\"text-align: center;\"><span style=\"color: #008080;\"><i><span style=\"font-family: Helvetica;\">\u00a0r\u00e9v\u00e9lation de comment nous sommes dans la vie.\u00a0<\/span><\/i><\/span><\/div>\n<div class=\"\" style=\"text-align: center;\"><span style=\"color: #008080;\"><i><span style=\"font-family: Helvetica;\">Chanter, c\u2019est exp\u00e9rimenter tr\u00e8s concr\u00e8tement ce que sont\u00a0<\/span><\/i><\/span><\/div>\n<div class=\"\" style=\"text-align: center;\"><span style=\"color: #008080;\"><i><span style=\"font-family: Helvetica;\">Vibration, Harmonie, Consonance et Dissonance, Inspiration, Justesse,\u00a0<\/span><\/i><\/span><\/div>\n<div class=\"\" style=\"text-align: center;\"><span style=\"font-family: Helvetica; color: #008080;\"><i>c\u2019est se sentir vivant,\u00a0<\/i><i>se laisser traverser par les \u00e9motions, s\u2019ouvrir \u00e0 la Joie.<\/i><\/span><\/div>\n<div class=\"\" style=\"text-align: center;\"><span style=\"color: #008080;\"><i><span style=\"font-family: Helvetica;\"><span class=\"\"><span class=\"\" lang=\"FR\">Ce stage est ouvert \u00e0 tous sans pr\u00e9-requis musical, pour<\/span><\/span><span class=\"\" lang=\"FR\"><span class=\"\">explorer la conscience de sa propre voix, la gestion du souffle, l\u2019\u00e9coute des autres voix tout en gardant la sienne, la justesse de la posture et du son, et tout ce qui se passe quand on chante ensemble, en qu\u00eate d\u2019harmonie.\u00a0<\/span><\/span><\/span><\/i><\/span><\/div>\n<div class=\"\" style=\"text-align: center;\"><span style=\"color: #008080;\"><i><span style=\"font-family: Helvetica;\">Cinq jours\u00a0pour\u00a0\u00eatre\u00a0bien\u00a0dans\u00a0sa\u00a0voix,\u00a0<\/span><\/i><\/span><\/div>\n<div class=\"\" style=\"text-align: center;\"><span style=\"color: #008080;\"><i><span style=\"font-family: Helvetica;\">pour\u00a0chanter \u00e0 l\u2019unisson , en polyphonie ou en solo avec piano.<span class=\"\">\u00bb<\/span><\/span><\/i><\/span><\/div>\n<\/blockquote>\n<div class=\"\">\u00a0<\/div>\n<div class=\"yiv9467681207\">\n<div class=\"yiv9467681207\"><strong><span class=\"yiv9467681207\" style=\"font-family: Helvetica;\">Au\u00a0programme :\u00a0<\/span><\/strong><\/div>\n<ul>\n<li class=\"yiv9467681207\"><span style=\"font-family: Helvetica;\"><span class=\"yiv9467681207\">La journ\u00e9e commence par un temps de<\/span><span class=\"\">\u00a0pratique\u00a0et conscience\u00a0corporelle de la voix, o\u00f9 nous explorons \u00ab comment \u00e7a marche et\u00a0par o\u00f9 \u00e7a passe\u00a0\u00bb. \u00a0Souffle, vibration, r\u00e9sonance, posture, ancrage Terre-Ciel sont visit\u00e9s dans leurs dimensions anatomique, physiologique et \u00e9nerg\u00e9tique.\u00a0<\/span><\/span><\/li>\n<li class=\"yiv9467681207\"><span style=\"font-family: Helvetica;\"><span class=\"\">Quand la voix est bien\u00a0\u00ab\u00a0accord\u00e9e\u00a0\u00bb\u00a0<\/span><span class=\"yiv9467681207\">nous ouvrons l\u2019oreille \u00e0 la voix des autres pour chanter en choeur dans un r\u00e9pertoire vari\u00e9 de chant sacr\u00e9, traditionnel, lyrique, chanson et\u00a0<\/span><span class=\"\">chant solo\u00a0<\/span><span class=\"\">accompagn\u00e9 au piano par Etienne Boonen. Le choix du r\u00e9pertoire tient compte de la composition du groupe, hommes et femmes, chanteurs aguerris ou n\u00e9ophytes.\u00a0<\/span><span class=\"\">Les cat\u00e9gories traditionnelles Soprano, Alto ,T\u00e9nor , Basse ne sont pas de mise,<\/span><span class=\"\">\u00a0chacun cherchant \u00e0 trouver sa place\u00a0<\/span><span class=\"\">dans la construction harmonique, pour y contribuer selon ses ressources propres. L\u2019improvisation\u00a0<\/span><\/span>nous invite \u00e0 oser laisser libre cours \u00e0 l\u2019expression de notre cr\u00e9ativit\u00e9 dans un cadre soutenant.<\/li>\n<li class=\"yiv9467681207\"><span class=\"\"><span style=\"font-family: Helvetica;\">Quant au chant avec piano, l\u2019occasion est donn\u00e9e \u00e0 ceux qui le souhaitent de travailler un chant en \u00e9tant accompagn\u00e9 par la musique du piano, \u00a0autre exp\u00e9rience pour chanter en relation, en duo cette fois. Chanson, air d\u2019op\u00e9ra, venez\u00a0<\/span><\/span><span class=\"\"><span style=\"font-family: Helvetica;\">avec vos envies pour autant qu\u2019il s\u2019agisse de musique avec partition de piano.<\/span><\/span><\/li>\n<\/ul>\n<div class=\"yiv9467681207\"><span style=\"font-family: Helvetica;\"><b>Tarif p\u00e9dagogique:<\/b><\/span><\/div>\n<div class=\"yiv9467681207\">\n<div class=\"yiv9467681207\"><span style=\"font-family: Helvetica;\"><span class=\"\">Choix en conscience d\u2019un des tarifs suivants en fonction de votre\u00a0<\/span><span class=\"\">situation personnelle, de la vale<\/span><span class=\"\">ur\u00a0<\/span><span class=\"\">que vous accordez au stage, au t<\/span><span class=\"\">ravail des formateur.ices et de tout autre crit\u00e8re qui vous para\u00eet pertinent: \u00a0<\/span><\/span><span style=\"font-family: Helvetica;\"><span class=\"\"><b class=\"\">300\u20ac\/400\u20ac\/500\u20ac<\/b><\/span><\/span><\/div>\n<\/div>\n<div class=\"yiv9467681207\">\n<div class=\"\"><span style=\"font-family: Helvetica;\"><b class=\"\">\u00e0 Yvoir aux 4 sources\u00a0<\/b><a href=\"https:\/\/www.les4sources.be\/accueil-de-groupes\">https:\/\/www.les4sources.be\/accueil-de-groupes<\/a><\/span><\/div>\n<div class=\"\"><span style=\"font-family: Helvetica;\">En pleine nature, zone Natura2000, un \u00e9co-lieu o\u00f9 vous s\u00e9journerez en chambre de 2 lits <\/span>avec salle de bain. Repas v\u00e9g\u00e9tariens avec des produits locaux et bio au maximum, intol\u00e9rances aux lactose et au gluten prises en compte.<\/div>\n<div class=\"\">\n<div><b>Pension compl\u00e8te: 70<\/b><b>\u20ac<\/b><b>\/ jour, <\/b>comprenant logement, repas et utilisation des locaux.<\/div>\n<div><b>En externat: 50\u20ac\/jour<\/b> comprenant repas et utilisation des locaux.<\/div>\n<\/div>\n<div class=\"\"><img loading=\"lazy\" decoding=\"async\" class=\"size-medium wp-image-564 alignleft\" src=\"https:\/\/lavoixestlibre.be\/wp-content\/uploads\/2024\/04\/maison-communautaire-300x225.jpg\" alt=\"\" width=\"300\" height=\"225\" srcset=\"https:\/\/lavoixestlibre.be\/wp-content\/uploads\/2024\/04\/maison-communautaire-300x225.jpg 300w, https:\/\/lavoixestlibre.be\/wp-content\/uploads\/2024\/04\/maison-communautaire-624x468.jpg 624w, https:\/\/lavoixestlibre.be\/wp-content\/uploads\/2024\/04\/maison-communautaire.jpg 690w\" sizes=\"auto, (max-width: 300px) 100vw, 300px\" \/><\/div>\n<div class=\"\">\u00a0<\/div>\n<\/div>\n<div class=\"yiv9467681207\"><span style=\"font-family: Helvetica;\">Pour toute information concernant l\u2019h\u00e9bergement ou la formule externat:<\/span><\/div>\n<div class=\"yiv9467681207\"><span style=\"font-family: Helvetica;\">0498\/75 71 70 <a href=\"mailto:aglaevy@gmail.com\">aglaevy@gmail.com<\/a><\/span><\/div>\n<div class=\"yiv9467681207\"><span style=\"font-family: Helvetica;\">Pour les questions au sujet du programme:<\/span><\/div>\n<div class=\"yiv9467681207\"><span style=\"font-family: Helvetica;\">0496\/18 64 68 <a href=\"mailto:anne.quintin@lavoixestlibre.be\">anne.quintin@lavoixestlibre.be<\/a><\/span><\/div>\n<div class=\"yiv9467681207\"><span style=\"font-family: Helvetica;\">Et pour s\u2019inscrire:\u00a0<\/span><span style=\"font-family: GillSans;\"><a href=\"https:\/\/forms.gle\/w381H1uDPgkKTwGe8\">https:\/\/forms.gle\/w381H1uDPgkKTwGe8<\/a><\/span>\u00a0<\/div>\n<\/div>\n<\/div>\n<\/div>\n<\/div>\n<\/div>\n<\/div>\n<\/div>\n<\/div>\n<\/div>\n<\/div>\n<\/div>\n<div>\u00a0<\/div>\n<\/div>\n<\/div>\n<\/div>\n<\/div>\n<\/div>\n<\/div>\n<\/div>\n<\/div>\n<\/div>\n<\/div>\n<\/div>\n<\/div>\n<\/div>\n<\/div>\n<\/div>\n<\/div>\n<p>\u00a0<\/p>\n<p>\u00a0<\/p>\n<p>\u00a0<\/p>\n<hr \/>\n\n\n<p><\/p>\n\n\n\n<p><\/p>\n\n\n\n<h2 class=\"wp-block-heading\"><strong>En France, dans le Vercors<\/strong><\/h2>\n\n\n\n<p><\/p>\n\n\n\n<p><\/p>\n\n\n\n<h3 class=\"wp-block-heading\"><strong>\u00e0 Saint Antoine l\u2019abbaye du 28 juillet 18h00 au 2 ao\u00fbt<\/strong> en soir\u00e9e<\/h3>\n\n\n\n<div class=\"wp-block-image\"><figure class=\"aligncenter\"><img loading=\"lazy\" decoding=\"async\" width=\"300\" height=\"169\" src=\"https:\/\/lavoixestlibre.be\/wp-content\/uploads\/2023\/03\/photo-Saint-Antoine-lAbbaye-300x169.jpg\" alt=\"\" class=\"wp-image-548\" srcset=\"https:\/\/lavoixestlibre.be\/wp-content\/uploads\/2023\/03\/photo-Saint-Antoine-lAbbaye-300x169.jpg 300w, https:\/\/lavoixestlibre.be\/wp-content\/uploads\/2023\/03\/photo-Saint-Antoine-lAbbaye-1024x576.jpg 1024w, https:\/\/lavoixestlibre.be\/wp-content\/uploads\/2023\/03\/photo-Saint-Antoine-lAbbaye-768x432.jpg 768w, https:\/\/lavoixestlibre.be\/wp-content\/uploads\/2023\/03\/photo-Saint-Antoine-lAbbaye-1536x864.jpg 1536w, https:\/\/lavoixestlibre.be\/wp-content\/uploads\/2023\/03\/photo-Saint-Antoine-lAbbaye-624x351.jpg 624w, https:\/\/lavoixestlibre.be\/wp-content\/uploads\/2023\/03\/photo-Saint-Antoine-lAbbaye.jpg 2048w\" sizes=\"auto, (max-width: 300px) 100vw, 300px\" \/><\/figure><\/div>\n\n\n\n<p>Nous retournons<strong> <\/strong>dans le Vercors&nbsp; accueillis par la communaut\u00e9 de l\u2019Arche de Saint Antoine.<\/p>\n\n\n\n<p><\/p>\n\n\n\n<p class=\"has-text-align-center\"><strong>CHANTER ENSEMBLE EN QU\u00caTE D\u2019HARMONIE, METAPHORE DE LA VIE<br><\/strong><em>Etre bien dans sa voix pour chanter en pr\u00e9sence \u00e0 soi et aux autres<\/em> &nbsp;  <\/p>\n\n\n\n<p class=\"has-text-align-left\">La pr\u00e9sentation du stage et les informations pratiques sont sur le site de l&rsquo;Arche de St-Antoine : <br><a href=\"https:\/\/www.arche-sta.com\/sejours-et-formations\/formations-par-themes\/chant-et-musique\/#quintin\">https:\/\/www.arche-sta.com\/sejours-et-formations\/formations-par-themes\/chant-et-musique\/#quintin<\/a><\/p>\n\n\n\n<div class=\"wp-block-image\"><figure class=\"alignleft\"><img loading=\"lazy\" decoding=\"async\" width=\"150\" height=\"150\" src=\"https:\/\/lavoixestlibre.be\/wp-content\/uploads\/2023\/03\/LBB00715-150x150-1.jpg\" alt=\"\" class=\"wp-image-551\"\/><\/figure><\/div>\n\n\n\n<div class=\"wp-block-image\"><figure class=\"alignleft\"><img loading=\"lazy\" decoding=\"async\" width=\"150\" height=\"150\" src=\"https:\/\/lavoixestlibre.be\/wp-content\/uploads\/2023\/03\/LBB00728-150x150-1.jpg\" alt=\"\" class=\"wp-image-550\"\/><\/figure><\/div>\n\n\n\n<div class=\"wp-block-image\"><figure class=\"alignleft\"><img loading=\"lazy\" decoding=\"async\" width=\"150\" height=\"150\" src=\"https:\/\/lavoixestlibre.be\/wp-content\/uploads\/2023\/03\/Salle-du-jardin-anim\u00e9e-2-light-150x150-1.jpg\" alt=\"\" class=\"wp-image-547\"\/><\/figure><\/div>\n\n\n\n<p><strong><br><\/strong><\/p>\n\n\n\n<p><\/p>\n\n\n\n<p><strong><br>Pour toutes questions et pour s\u2019inscrire&nbsp;:<\/strong><br><a rel=\"noreferrer noopener\" href=\"mailto:anne.quintin@lavoixestlibre.be\" target=\"_blank\">anne.quintin@lavoixestlibre.be&nbsp;<\/a>ou&nbsp;0496 18 64 68<br><em>Un bulletin d\u2019inscription avec toutes les modalit\u00e9s vous sera envoy\u00e9.<\/em><\/p>\n","protected":false},"excerpt":{"rendered":"<p>Stages d&rsquo;\u00e9t\u00e9 en 2025 En Belgique du 14 en soir\u00e9e (accueil \u00e0 18h00) au19 ao\u00fbt 2025Avec Anne Quintin en collaboration avec Etienne Boonen au piano CHANTER ENSEMBLE EN QU\u00caTE D\u2019HARMONIE, [&hellip;]<\/p>\n","protected":false},"author":1,"featured_media":0,"parent":0,"menu_order":0,"comment_status":"closed","ping_status":"closed","template":"","meta":{"footnotes":""},"class_list":["post-284","page","type-page","status-publish","hentry"],"_links":{"self":[{"href":"https:\/\/lavoixestlibre.be\/index.php\/wp-json\/wp\/v2\/pages\/284","targetHints":{"allow":["GET"]}}],"collection":[{"href":"https:\/\/lavoixestlibre.be\/index.php\/wp-json\/wp\/v2\/pages"}],"about":[{"href":"https:\/\/lavoixestlibre.be\/index.php\/wp-json\/wp\/v2\/types\/page"}],"author":[{"embeddable":true,"href":"https:\/\/lavoixestlibre.be\/index.php\/wp-json\/wp\/v2\/users\/1"}],"replies":[{"embeddable":true,"href":"https:\/\/lavoixestlibre.be\/index.php\/wp-json\/wp\/v2\/comments?post=284"}],"version-history":[{"count":33,"href":"https:\/\/lavoixestlibre.be\/index.php\/wp-json\/wp\/v2\/pages\/284\/revisions"}],"predecessor-version":[{"id":611,"href":"https:\/\/lavoixestlibre.be\/index.php\/wp-json\/wp\/v2\/pages\/284\/revisions\/611"}],"wp:attachment":[{"href":"https:\/\/lavoixestlibre.be\/index.php\/wp-json\/wp\/v2\/media?parent=284"}],"curies":[{"name":"wp","href":"https:\/\/api.w.org\/{rel}","templated":true}]}}