{"id":8,"date":"2017-02-27T15:07:01","date_gmt":"2017-02-27T14:07:01","guid":{"rendered":"https:\/\/lavoixestlibre.be\/test\/?page_id=8"},"modified":"2022-11-24T19:42:28","modified_gmt":"2022-11-24T18:42:28","slug":"je-chante","status":"publish","type":"page","link":"https:\/\/lavoixestlibre.be\/index.php\/je-chante\/","title":{"rendered":"Je chante"},"content":{"rendered":"<h3>LA NOEVA<\/h3>\n<p><img loading=\"lazy\" decoding=\"async\" class=\"alignnone wp-image-515 size-medium\" src=\"https:\/\/lavoixestlibre.be\/wp-content\/uploads\/2021\/06\/P1110220-300x187.jpg\" alt=\"\" width=\"300\" height=\"187\" srcset=\"https:\/\/lavoixestlibre.be\/wp-content\/uploads\/2021\/06\/P1110220-300x187.jpg 300w, https:\/\/lavoixestlibre.be\/wp-content\/uploads\/2021\/06\/P1110220-1024x640.jpg 1024w, https:\/\/lavoixestlibre.be\/wp-content\/uploads\/2021\/06\/P1110220-768x480.jpg 768w, https:\/\/lavoixestlibre.be\/wp-content\/uploads\/2021\/06\/P1110220-1536x960.jpg 1536w, https:\/\/lavoixestlibre.be\/wp-content\/uploads\/2021\/06\/P1110220-2048x1280.jpg 2048w, https:\/\/lavoixestlibre.be\/wp-content\/uploads\/2021\/06\/P1110220-624x390.jpg 624w\" sizes=\"auto, (max-width: 300px) 100vw, 300px\" \/><\/p>\n<p>La Noeva est un ensemble vocal cr\u00e9\u00e9 en janvier 2012 \u00e0 l&rsquo;initiative de chanteuses d\u00e9sireuses d&rsquo;aborder un r\u00e9pertoire original de musique m\u00e9di\u00e9vale, traditionnelle ou contemporaine. Sa premi\u00e8re production s&rsquo;est port\u00e9e sur la (re)d\u00e9couverte de chants m\u00e9di\u00e9vaux espagnols tir\u00e9s du Codex Las Huelgas (XIII\u00e8me si\u00e8cle).<\/p>\n<p>A la recherche d&rsquo;un r\u00e9pertoire peu ou jamais entendu s&rsquo;ajoute celle d&rsquo;une dimension sc\u00e9nique, que l&rsquo;ensemble tient \u00e0 int\u00e9grer \u00e0 chacun de ses projets. L&rsquo;ensemble a \u00e9galement pour ambition de mettre en r\u00e9sonance la musique m\u00e9di\u00e9vale avec celle de compositeurs actuels de musique vocale.<\/p>\n<p>Rendez-vous sur notre page <a href=\"https:\/\/www.facebook.com\/La-Noeva-287967451322414\/?fref=ts\">Facebook<\/a>\u00a0ou sur notre <a href=\"https:\/\/lanoeva.be\">site web<\/a><\/p>\n<h3>Arum Triphyllum<\/h3>\n<p><img loading=\"lazy\" decoding=\"async\" class=\"wp-image-209  alignright\" src=\"https:\/\/lavoixestlibre.be\/wp-content\/uploads\/2017\/02\/Messe_de_Tournai-e1490433224338-236x300.jpg\" alt=\"\" width=\"245\" height=\"311\" srcset=\"https:\/\/lavoixestlibre.be\/wp-content\/uploads\/2017\/02\/Messe_de_Tournai-e1490433224338-236x300.jpg 236w, https:\/\/lavoixestlibre.be\/wp-content\/uploads\/2017\/02\/Messe_de_Tournai-e1490433224338.jpg 444w\" sizes=\"auto, (max-width: 245px) 100vw, 245px\" \/> <u><\/u>C\u2019est la tr\u00e8s belle messe dite de Tournai, patrimoine du XIV\u00e8 si\u00e8cle, qui a motiv\u00e9 la cr\u00e9ation du groupe\u00a0Arum Triphyllum form\u00e9 de trois tournaisiennes\u00a0:<\/p>\n<p>Virginie Malfait, Myriam M\u00e9lotte et Anne Quintin.<\/p>\n<p>Le nom du trio a \u00e9t\u00e9 choisi pour sa valeur symbolique. L\u2019Arum, dont le nom est en latin comme les textes de la messe et dont on extrait un rem\u00e8de hom\u00e9opathique pour la voix, fleurit sur une tige \u00e0 trois branches, comme les voix des trois chanteuses.<\/p>\n<p>Le projet s\u2019inscrit autant dans une d\u00e9marche patrimoniale que musicale.<\/p>\n<h3 style=\"text-align: left;\" align=\"center\"><span style=\"font-size: large;\"><b>AUTOUR D\u2019ANNE SYLVESTRE<\/b><\/span><\/h3>\n<p style=\"text-align: left;\" align=\"center\"><span style=\"font-size: medium;\"><b>Anne Quintin et Michel Jacqmain en duo<\/b><\/span><\/p>\n<p>On se conna\u00eet depuis de nombreuses ann\u00e9es<img loading=\"lazy\" decoding=\"async\" class=\"size-medium wp-image-534 alignright\" src=\"https:\/\/lavoixestlibre.be\/wp-content\/uploads\/2022\/11\/20220124_144221-225x300.jpg\" alt=\"\" width=\"225\" height=\"300\" srcset=\"https:\/\/lavoixestlibre.be\/wp-content\/uploads\/2022\/11\/20220124_144221-225x300.jpg 225w, https:\/\/lavoixestlibre.be\/wp-content\/uploads\/2022\/11\/20220124_144221.jpg 576w\" sizes=\"auto, (max-width: 225px) 100vw, 225px\" \/>.<br \/>\nLa complicit\u00e9 musicale existe entre nous depuis le temps\u00a0o\u00f9 l\u2019on se retrouvait ensemble dans un groupe mariant la chanson fran\u00e7aise et la danse folk. Reprenant ici la collaboration en duo, nous nous plongeons \u00e0 pr\u00e9sent dans l\u2019univers d\u2019Anne Sylvestre.\u00a0D\u00e8s le d\u00e9part, ce qui nous animait \u00e9tait l\u2019envie partag\u00e9e d\u2019honorer apr\u00e8s son d\u00e9part vers les \u00e9toiles une grande figure de la chanson fran\u00e7aise qui nous inspirait depuis bien longtemps.\u00a0Cela nous a lanc\u00e9s dans ce projet en duo qui nous plonge dans l\u2019immense vari\u00e9t\u00e9 multicolore de son r\u00e9pertoire.\u00a0Voici donc un petit r\u00e9cital de chansons joyeuses, graves, l\u00e9g\u00e8res, profondes, tristes, dr\u00f4les.\u00a0Un jeu \u00e9mouvant et passionnant auxquels se livrent la puissance, les rondeurs et la chaleur de la voix d\u2019Anne Quintin et les arrangements fleuris et d\u00e9pouill\u00e9s de la guitare hybride de Michel Jacqmain.\u00a0Bienvenue dans la vie profonde et vraie, telle qu\u2019elle est d\u00e9crite par cette toute grande chanteuse, abord\u00e9e ici en mode \u00ab\u00a0petit moment au coin du feu\u00a0\u00bb<\/p>\n<p><span style=\"font-size: medium;\"><b>Anne QUINTIN\u00a0: chant<br \/>\n<\/b><\/span><span style=\"font-size: medium;\"><b>Michel <\/b><\/span><span style=\"font-size: medium;\"><b>JACQMAIN\u00a0: guitare-cistre<\/b><\/span><\/p>\n<h4>Et aussi\u00a0:<\/h4>\n<ul>\n<li><strong>titulaire du Choeur de Chambre de Namur<\/strong><\/li>\n<li><strong>cr\u00e9ation d&rsquo;ambiances vocales avec le trio Elles et moi\u00a0<\/strong><\/li>\n<li><strong>chanson fran\u00e7aise avec le groupe \u00ab\u00a0Ronds de sorci\u00e8res\u00bb<\/strong><\/li>\n<li><strong>chanson dialectale au sein du collectif le CHAPIC et grand prix de la chanson wallonne en 1982 avec le groupe \u00ab\u00a0Jean Chabot B\u00e9ton\u00bb.<\/strong><\/li>\n<\/ul>\n","protected":false},"excerpt":{"rendered":"<p>LA NOEVA La Noeva est un ensemble vocal cr\u00e9\u00e9 en janvier 2012 \u00e0 l&rsquo;initiative de chanteuses d\u00e9sireuses d&rsquo;aborder un r\u00e9pertoire original de musique m\u00e9di\u00e9vale, traditionnelle ou contemporaine. Sa premi\u00e8re production [&hellip;]<\/p>\n","protected":false},"author":1,"featured_media":0,"parent":0,"menu_order":0,"comment_status":"closed","ping_status":"closed","template":"","meta":{"footnotes":""},"class_list":["post-8","page","type-page","status-publish","hentry"],"_links":{"self":[{"href":"https:\/\/lavoixestlibre.be\/index.php\/wp-json\/wp\/v2\/pages\/8","targetHints":{"allow":["GET"]}}],"collection":[{"href":"https:\/\/lavoixestlibre.be\/index.php\/wp-json\/wp\/v2\/pages"}],"about":[{"href":"https:\/\/lavoixestlibre.be\/index.php\/wp-json\/wp\/v2\/types\/page"}],"author":[{"embeddable":true,"href":"https:\/\/lavoixestlibre.be\/index.php\/wp-json\/wp\/v2\/users\/1"}],"replies":[{"embeddable":true,"href":"https:\/\/lavoixestlibre.be\/index.php\/wp-json\/wp\/v2\/comments?post=8"}],"version-history":[{"count":23,"href":"https:\/\/lavoixestlibre.be\/index.php\/wp-json\/wp\/v2\/pages\/8\/revisions"}],"predecessor-version":[{"id":539,"href":"https:\/\/lavoixestlibre.be\/index.php\/wp-json\/wp\/v2\/pages\/8\/revisions\/539"}],"wp:attachment":[{"href":"https:\/\/lavoixestlibre.be\/index.php\/wp-json\/wp\/v2\/media?parent=8"}],"curies":[{"name":"wp","href":"https:\/\/api.w.org\/{rel}","templated":true}]}}